{"id":5608,"date":"2022-04-08T09:27:29","date_gmt":"2022-04-08T09:27:29","guid":{"rendered":"https:\/\/www.mixerpack.es\/services\/regulatory-affairs\/"},"modified":"2024-10-15T15:53:33","modified_gmt":"2024-10-15T15:53:33","slug":"regulatory-affairs","status":"publish","type":"page","link":"https:\/\/www.mixerpack.es\/fr\/services\/regulatory-affairs\/","title":{"rendered":"Regulatory affairs"},"content":{"rendered":"\t\t<div data-elementor-type=\"wp-page\" data-elementor-id=\"5608\" class=\"elementor elementor-5608 elementor-40\">\n\t\t\t\t\t\t\t\t\t<section class=\"elementor-section elementor-top-section elementor-element elementor-element-59d8dd4 elementor-section-height-min-height elementor-section-items-stretch elementor-section-content-space-around elementor-section-boxed elementor-section-height-default\" data-id=\"59d8dd4\" data-element_type=\"section\" data-settings=\"{&quot;jet_parallax_layout_list&quot;:[],&quot;background_background&quot;:&quot;classic&quot;}\">\n\t\t\t\t\t\t\t<div class=\"elementor-background-overlay\"><\/div>\n\t\t\t\t\t\t\t<div class=\"elementor-container elementor-column-gap-default\">\n\t\t\t\t\t<div class=\"elementor-column elementor-col-100 elementor-top-column elementor-element elementor-element-bed1bde\" data-id=\"bed1bde\" data-element_type=\"column\">\n\t\t\t<div class=\"elementor-widget-wrap elementor-element-populated\">\n\t\t\t\t\t\t\t\t<div class=\"elementor-element elementor-element-3e443db elementor-widget elementor-widget-spacer\" data-id=\"3e443db\" data-element_type=\"widget\" data-widget_type=\"spacer.default\">\n\t\t\t\t<div class=\"elementor-widget-container\">\n\t\t\t<style>\/*! elementor - v3.6.6 - 08-06-2022 *\/\n.e-container.e-container--row .elementor-spacer-inner{width:var(--spacer-size)}.e-container.e-container--column .elementor-spacer-inner,.elementor-column .elementor-spacer-inner{height:var(--spacer-size)}<\/style>\t\t<div class=\"elementor-spacer\">\n\t\t\t<div class=\"elementor-spacer-inner\"><\/div>\n\t\t<\/div>\n\t\t\t\t<\/div>\n\t\t\t\t<\/div>\n\t\t\t\t<div class=\"elementor-element elementor-element-3a96a17 elementor-widget elementor-widget-heading\" data-id=\"3a96a17\" data-element_type=\"widget\" data-widget_type=\"heading.default\">\n\t\t\t\t<div class=\"elementor-widget-container\">\n\t\t\t<style>\/*! elementor - v3.6.6 - 08-06-2022 *\/\n.elementor-heading-title{padding:0;margin:0;line-height:1}.elementor-widget-heading .elementor-heading-title[class*=elementor-size-]>a{color:inherit;font-size:inherit;line-height:inherit}.elementor-widget-heading .elementor-heading-title.elementor-size-small{font-size:15px}.elementor-widget-heading .elementor-heading-title.elementor-size-medium{font-size:19px}.elementor-widget-heading .elementor-heading-title.elementor-size-large{font-size:29px}.elementor-widget-heading .elementor-heading-title.elementor-size-xl{font-size:39px}.elementor-widget-heading .elementor-heading-title.elementor-size-xxl{font-size:59px}<\/style><h2 class=\"elementor-heading-title elementor-size-default\">Assistance technique<\/h2>\t\t<\/div>\n\t\t\t\t<\/div>\n\t\t\t\t<section class=\"elementor-section elementor-inner-section elementor-element elementor-element-32eaf51 elementor-hidden-desktop elementor-hidden-tablet elementor-section-boxed elementor-section-height-default elementor-section-height-default\" data-id=\"32eaf51\" data-element_type=\"section\" data-settings=\"{&quot;jet_parallax_layout_list&quot;:[]}\">\n\t\t\t\t\t\t<div class=\"elementor-container elementor-column-gap-default\">\n\t\t\t\t\t<div class=\"elementor-column elementor-col-50 elementor-inner-column elementor-element elementor-element-1443ad7\" data-id=\"1443ad7\" data-element_type=\"column\">\n\t\t\t<div class=\"elementor-widget-wrap elementor-element-populated\">\n\t\t\t\t\t\t\t\t<div class=\"elementor-element elementor-element-b7a9774 elementor-widget elementor-widget-jet-button\" data-id=\"b7a9774\" data-element_type=\"widget\" data-widget_type=\"jet-button.default\">\n\t\t\t\t<div class=\"elementor-widget-container\">\n\t\t\t<div class=\"elementor-jet-button jet-elements\"><div class=\"jet-button__container\">\n\t<a class=\"jet-button__instance jet-button__instance--icon- hover-effect-1\" href=\"https:\/\/www.mixerpack.es\/servicios\/soporte-de-calidad-y-seguridad\/\">\n\t\t<div class=\"jet-button__plane jet-button__plane-normal\"><\/div>\n\t\t<div class=\"jet-button__plane jet-button__plane-hover\"><\/div>\n\t\t<div class=\"jet-button__state jet-button__state-normal\">\n\t\t\t<span class=\"jet-button__label\">Assistance qualit\u00e9 et s\u00e9curit\u00e9<\/span>\t\t<\/div>\n\t\t<div class=\"jet-button__state jet-button__state-hover\">\n\t\t\t<span class=\"jet-button__label\">Savoir plus<\/span>\t\t<\/div>\n\t<\/a>\n<\/div>\n<\/div>\t\t<\/div>\n\t\t\t\t<\/div>\n\t\t\t\t\t<\/div>\n\t\t<\/div>\n\t\t\t\t<div class=\"elementor-column elementor-col-50 elementor-inner-column elementor-element elementor-element-f9d335b\" data-id=\"f9d335b\" data-element_type=\"column\">\n\t\t\t<div class=\"elementor-widget-wrap elementor-element-populated\">\n\t\t\t\t\t\t\t\t<div class=\"elementor-element elementor-element-ad27c1a elementor-widget elementor-widget-jet-button\" data-id=\"ad27c1a\" data-element_type=\"widget\" data-widget_type=\"jet-button.default\">\n\t\t\t\t<div class=\"elementor-widget-container\">\n\t\t\t<div class=\"elementor-jet-button jet-elements\"><div class=\"jet-button__container\">\n\t<a class=\"jet-button__instance jet-button__instance--icon- hover-effect-1\" href=\"https:\/\/www.mixerpack.es\/servicios\/regulatory-affairs\/\">\n\t\t<div class=\"jet-button__plane jet-button__plane-normal\"><\/div>\n\t\t<div class=\"jet-button__plane jet-button__plane-hover\"><\/div>\n\t\t<div class=\"jet-button__state jet-button__state-normal\">\n\t\t\t<span class=\"jet-button__label\">Regulatory Affairs<\/span>\t\t<\/div>\n\t\t<div class=\"jet-button__state jet-button__state-hover\">\n\t\t\t<span class=\"jet-button__label\">Savoir plus<\/span>\t\t<\/div>\n\t<\/a>\n<\/div>\n<\/div>\t\t<\/div>\n\t\t\t\t<\/div>\n\t\t\t\t\t<\/div>\n\t\t<\/div>\n\t\t\t\t\t\t\t<\/div>\n\t\t<\/section>\n\t\t\t\t\t<\/div>\n\t\t<\/div>\n\t\t\t\t\t\t\t<\/div>\n\t\t<\/section>\n\t\t\t\t<section class=\"elementor-section elementor-top-section elementor-element elementor-element-e6cde75 elementor-hidden-mobile elementor-section-boxed elementor-section-height-default elementor-section-height-default\" data-id=\"e6cde75\" data-element_type=\"section\" data-settings=\"{&quot;jet_parallax_layout_list&quot;:[]}\">\n\t\t\t\t\t\t<div class=\"elementor-container elementor-column-gap-default\">\n\t\t\t\t\t<div class=\"elementor-column elementor-col-50 elementor-top-column elementor-element elementor-element-84d6c4a\" data-id=\"84d6c4a\" data-element_type=\"column\">\n\t\t\t<div class=\"elementor-widget-wrap elementor-element-populated\">\n\t\t\t\t\t\t\t\t<div class=\"elementor-element elementor-element-327a681 elementor-widget elementor-widget-jet-button\" data-id=\"327a681\" data-element_type=\"widget\" data-widget_type=\"jet-button.default\">\n\t\t\t\t<div class=\"elementor-widget-container\">\n\t\t\t<div class=\"elementor-jet-button jet-elements\"><div class=\"jet-button__container\">\n\t<a class=\"jet-button__instance jet-button__instance--icon- hover-effect-1\" href=\"https:\/\/www.mixerpack.es\/fr\/services\/assistance-qualite-et-securite\/\">\n\t\t<div class=\"jet-button__plane jet-button__plane-normal\"><\/div>\n\t\t<div class=\"jet-button__plane jet-button__plane-hover\"><\/div>\n\t\t<div class=\"jet-button__state jet-button__state-normal\">\n\t\t\t<span class=\"jet-button__label\">Assistance qualit\u00e9 et s\u00e9curit\u00e9<\/span>\t\t<\/div>\n\t\t<div class=\"jet-button__state jet-button__state-hover\">\n\t\t\t<span class=\"jet-button__label\">Savoir plus<\/span>\t\t<\/div>\n\t<\/a>\n<\/div>\n<\/div>\t\t<\/div>\n\t\t\t\t<\/div>\n\t\t\t\t\t<\/div>\n\t\t<\/div>\n\t\t\t\t<div class=\"elementor-column elementor-col-50 elementor-top-column elementor-element elementor-element-d7af90a\" data-id=\"d7af90a\" data-element_type=\"column\">\n\t\t\t<div class=\"elementor-widget-wrap elementor-element-populated\">\n\t\t\t\t\t\t\t\t<div class=\"elementor-element elementor-element-6326b90 elementor-widget elementor-widget-jet-button\" data-id=\"6326b90\" data-element_type=\"widget\" data-widget_type=\"jet-button.default\">\n\t\t\t\t<div class=\"elementor-widget-container\">\n\t\t\t<div class=\"elementor-jet-button jet-elements\"><div class=\"jet-button__container\">\n\t<a class=\"jet-button__instance jet-button__instance--icon- hover-effect-1\" href=\"https:\/\/www.mixerpack.es\/servicios\/regulatory-affairs\/\">\n\t\t<div class=\"jet-button__plane jet-button__plane-normal\"><\/div>\n\t\t<div class=\"jet-button__plane jet-button__plane-hover\"><\/div>\n\t\t<div class=\"jet-button__state jet-button__state-normal\">\n\t\t\t<span class=\"jet-button__label\">Regulatory Affairs<\/span>\t\t<\/div>\n\t\t<div class=\"jet-button__state jet-button__state-hover\">\n\t\t\t<span class=\"jet-button__label\">Savoir plus<\/span>\t\t<\/div>\n\t<\/a>\n<\/div>\n<\/div>\t\t<\/div>\n\t\t\t\t<\/div>\n\t\t\t\t\t<\/div>\n\t\t<\/div>\n\t\t\t\t\t\t\t<\/div>\n\t\t<\/section>\n\t\t\t\t<section class=\"elementor-section elementor-top-section elementor-element elementor-element-0916eeb elementor-section-boxed elementor-section-height-default elementor-section-height-default\" data-id=\"0916eeb\" data-element_type=\"section\" data-settings=\"{&quot;jet_parallax_layout_list&quot;:[]}\">\n\t\t\t\t\t\t<div class=\"elementor-container elementor-column-gap-default\">\n\t\t\t\t\t<div class=\"elementor-column elementor-col-100 elementor-top-column elementor-element elementor-element-81a69cc\" data-id=\"81a69cc\" data-element_type=\"column\">\n\t\t\t<div class=\"elementor-widget-wrap elementor-element-populated\">\n\t\t\t\t\t\t\t\t<div class=\"elementor-element elementor-element-18e4a72 elementor-widget elementor-widget-heading\" data-id=\"18e4a72\" data-element_type=\"widget\" data-widget_type=\"heading.default\">\n\t\t\t\t<div class=\"elementor-widget-container\">\n\t\t\t<h1 class=\"elementor-heading-title elementor-size-default\">Questions r\u00e9glementaires au niveau mondial<\/h1>\t\t<\/div>\n\t\t\t\t<\/div>\n\t\t\t\t<div class=\"elementor-element elementor-element-af331a6 elementor-widget elementor-widget-text-editor\" data-id=\"af331a6\" data-element_type=\"widget\" data-widget_type=\"text-editor.default\">\n\t\t\t\t<div class=\"elementor-widget-container\">\n\t\t\t<style>\/*! elementor - v3.6.6 - 08-06-2022 *\/\n.elementor-widget-text-editor.elementor-drop-cap-view-stacked .elementor-drop-cap{background-color:#818a91;color:#fff}.elementor-widget-text-editor.elementor-drop-cap-view-framed .elementor-drop-cap{color:#818a91;border:3px solid;background-color:transparent}.elementor-widget-text-editor:not(.elementor-drop-cap-view-default) .elementor-drop-cap{margin-top:8px}.elementor-widget-text-editor:not(.elementor-drop-cap-view-default) .elementor-drop-cap-letter{width:1em;height:1em}.elementor-widget-text-editor .elementor-drop-cap{float:left;text-align:center;line-height:1;font-size:50px}.elementor-widget-text-editor .elementor-drop-cap-letter{display:inline-block}<\/style>\t\t\t\tNous nous occupons de l&rsquo;internationalisation et du lancement de parfums, de parfums d\u2019ambiance et de produits cosm\u00e9tiques sur tous les march\u00e9s mondiaux.\r\n\r\nMixer &amp; Pack travaille actuellement avec plus de 130 pays, sur les 5 continents.\t\t\t\t\t\t<\/div>\n\t\t\t\t<\/div>\n\t\t\t\t<div class=\"elementor-element elementor-element-da61dad elementor-widget elementor-widget-image\" data-id=\"da61dad\" data-element_type=\"widget\" data-widget_type=\"image.default\">\n\t\t\t\t<div class=\"elementor-widget-container\">\n\t\t\t<style>\/*! elementor - v3.6.6 - 08-06-2022 *\/\n.elementor-widget-image{text-align:center}.elementor-widget-image a{display:inline-block}.elementor-widget-image a img[src$=\".svg\"]{width:48px}.elementor-widget-image img{vertical-align:middle;display:inline-block}<\/style>\t\t\t\t\t\t\t\t\t\t\t\t<img loading=\"lazy\" decoding=\"async\" width=\"85\" height=\"77\" src=\"https:\/\/www.mixerpack.es\/wp-content\/uploads\/2022\/06\/flecha-down.png\" class=\"attachment-large size-large\" alt=\"\" \/>\t\t\t\t\t\t\t\t\t\t\t\t\t\t\t<\/div>\n\t\t\t\t<\/div>\n\t\t\t\t<div class=\"elementor-element elementor-element-7a9e5a1 elementor-widget elementor-widget-heading\" data-id=\"7a9e5a1\" data-element_type=\"widget\" data-widget_type=\"heading.default\">\n\t\t\t\t<div class=\"elementor-widget-container\">\n\t\t\t<h3 class=\"elementor-heading-title elementor-size-default\">Gestion internationale<\/h3>\t\t<\/div>\n\t\t\t\t<\/div>\n\t\t\t\t<div class=\"elementor-element elementor-element-d4f1eee elementor-widget elementor-widget-text-editor\" data-id=\"d4f1eee\" data-element_type=\"widget\" data-widget_type=\"text-editor.default\">\n\t\t\t\t<div class=\"elementor-widget-container\">\n\t\t\t\t\t\t\tLe service int\u00e9gral offert par Mixer&amp;Pack \u00e0 ses clients comprend la gestion int\u00e9grale et mondiale de la documentation n\u00e9cessaire au lancement du produit sur le march\u00e9, ainsi que l&rsquo;\u00e9tude pr\u00e9alable de sa viabilit\u00e9 et du potentiel de son lancement sur le march\u00e9.\t\t\t\t\t\t<\/div>\n\t\t\t\t<\/div>\n\t\t\t\t\t<\/div>\n\t\t<\/div>\n\t\t\t\t\t\t\t<\/div>\n\t\t<\/section>\n\t\t\t\t<section class=\"elementor-section elementor-top-section elementor-element elementor-element-3674d99 elementor-section-full_width elementor-section-height-default elementor-section-height-default\" data-id=\"3674d99\" data-element_type=\"section\" data-settings=\"{&quot;jet_parallax_layout_list&quot;:[]}\">\n\t\t\t\t\t\t<div class=\"elementor-container elementor-column-gap-default\">\n\t\t\t\t\t<div class=\"elementor-column elementor-col-100 elementor-top-column elementor-element elementor-element-96fb3f1\" data-id=\"96fb3f1\" data-element_type=\"column\">\n\t\t\t<div class=\"elementor-widget-wrap elementor-element-populated\">\n\t\t\t\t\t\t\t\t<div class=\"elementor-element elementor-element-b4d0882 elementor-widget-divider--view-line elementor-widget elementor-widget-divider\" data-id=\"b4d0882\" data-element_type=\"widget\" data-widget_type=\"divider.default\">\n\t\t\t\t<div class=\"elementor-widget-container\">\n\t\t\t<style>\/*! elementor - v3.6.6 - 08-06-2022 *\/\n.elementor-widget-divider{--divider-border-style:none;--divider-border-width:1px;--divider-color:#2c2c2c;--divider-icon-size:20px;--divider-element-spacing:10px;--divider-pattern-height:24px;--divider-pattern-size:20px;--divider-pattern-url:none;--divider-pattern-repeat:repeat-x}.elementor-widget-divider .elementor-divider{display:-webkit-box;display:-ms-flexbox;display:flex}.elementor-widget-divider .elementor-divider__text{font-size:15px;line-height:1;max-width:95%}.elementor-widget-divider .elementor-divider__element{margin:0 var(--divider-element-spacing);-ms-flex-negative:0;flex-shrink:0}.elementor-widget-divider .elementor-icon{font-size:var(--divider-icon-size)}.elementor-widget-divider .elementor-divider-separator{display:-webkit-box;display:-ms-flexbox;display:flex;margin:0;direction:ltr}.elementor-widget-divider--view-line_icon .elementor-divider-separator,.elementor-widget-divider--view-line_text .elementor-divider-separator{-webkit-box-align:center;-ms-flex-align:center;align-items:center}.elementor-widget-divider--view-line_icon .elementor-divider-separator:after,.elementor-widget-divider--view-line_icon .elementor-divider-separator:before,.elementor-widget-divider--view-line_text .elementor-divider-separator:after,.elementor-widget-divider--view-line_text .elementor-divider-separator:before{display:block;content:\"\";border-bottom:0;-webkit-box-flex:1;-ms-flex-positive:1;flex-grow:1;border-top:var(--divider-border-width) var(--divider-border-style) var(--divider-color)}.elementor-widget-divider--element-align-left .elementor-divider .elementor-divider-separator>.elementor-divider__svg:first-of-type{-webkit-box-flex:0;-ms-flex-positive:0;flex-grow:0;-ms-flex-negative:100;flex-shrink:100}.elementor-widget-divider--element-align-left .elementor-divider-separator:before{content:none}.elementor-widget-divider--element-align-left .elementor-divider__element{margin-left:0}.elementor-widget-divider--element-align-right .elementor-divider .elementor-divider-separator>.elementor-divider__svg:last-of-type{-webkit-box-flex:0;-ms-flex-positive:0;flex-grow:0;-ms-flex-negative:100;flex-shrink:100}.elementor-widget-divider--element-align-right .elementor-divider-separator:after{content:none}.elementor-widget-divider--element-align-right .elementor-divider__element{margin-right:0}.elementor-widget-divider:not(.elementor-widget-divider--view-line_text):not(.elementor-widget-divider--view-line_icon) .elementor-divider-separator{border-top:var(--divider-border-width) var(--divider-border-style) var(--divider-color)}.elementor-widget-divider--separator-type-pattern{--divider-border-style:none}.elementor-widget-divider--separator-type-pattern.elementor-widget-divider--view-line .elementor-divider-separator,.elementor-widget-divider--separator-type-pattern:not(.elementor-widget-divider--view-line) .elementor-divider-separator:after,.elementor-widget-divider--separator-type-pattern:not(.elementor-widget-divider--view-line) .elementor-divider-separator:before,.elementor-widget-divider--separator-type-pattern:not([class*=elementor-widget-divider--view]) .elementor-divider-separator{width:100%;min-height:var(--divider-pattern-height);-webkit-mask-size:var(--divider-pattern-size) 100%;mask-size:var(--divider-pattern-size) 100%;-webkit-mask-repeat:var(--divider-pattern-repeat);mask-repeat:var(--divider-pattern-repeat);background-color:var(--divider-color);-webkit-mask-image:var(--divider-pattern-url);mask-image:var(--divider-pattern-url)}.elementor-widget-divider--no-spacing{--divider-pattern-size:auto}.elementor-widget-divider--bg-round{--divider-pattern-repeat:round}.rtl .elementor-widget-divider .elementor-divider__text{direction:rtl}<\/style>\t\t<div class=\"elementor-divider\">\n\t\t\t<span class=\"elementor-divider-separator\">\n\t\t\t\t\t\t<\/span>\n\t\t<\/div>\n\t\t\t\t<\/div>\n\t\t\t\t<\/div>\n\t\t\t\t\t<\/div>\n\t\t<\/div>\n\t\t\t\t\t\t\t<\/div>\n\t\t<\/section>\n\t\t\t\t<section class=\"elementor-section elementor-top-section elementor-element elementor-element-2079ee4 elementor-section-boxed elementor-section-height-default elementor-section-height-default\" data-id=\"2079ee4\" data-element_type=\"section\" data-settings=\"{&quot;jet_parallax_layout_list&quot;:[]}\">\n\t\t\t\t\t\t<div class=\"elementor-container elementor-column-gap-default\">\n\t\t\t\t\t<div class=\"elementor-column elementor-col-100 elementor-top-column elementor-element elementor-element-40c397a\" data-id=\"40c397a\" data-element_type=\"column\">\n\t\t\t<div class=\"elementor-widget-wrap elementor-element-populated\">\n\t\t\t\t\t\t\t\t<div class=\"elementor-element elementor-element-92ed87e elementor-widget elementor-widget-heading\" data-id=\"92ed87e\" data-element_type=\"widget\" data-widget_type=\"heading.default\">\n\t\t\t\t<div class=\"elementor-widget-container\">\n\t\t\t<h3 class=\"elementor-heading-title elementor-size-default\">Coordination<\/h3>\t\t<\/div>\n\t\t\t\t<\/div>\n\t\t\t\t<div class=\"elementor-element elementor-element-805ef6a elementor-widget elementor-widget-text-editor\" data-id=\"805ef6a\" data-element_type=\"widget\" data-widget_type=\"text-editor.default\">\n\t\t\t\t<div class=\"elementor-widget-container\">\n\t\t\t\t\t\t\tMixer &amp; Pack conseille et assure la coordination avec le client des changements n\u00e9cessaires pour garantir que l&rsquo;ensemble du processus de fabrication du parfum et\/ou du parfum d\u2019ambiance est r\u00e9alis\u00e9 conform\u00e9ment aux r\u00e9glementations en vigueur dans chaque pays dans lequel le produit final sera commercialis\u00e9, ainsi que pour garantir l\u00e9galement la s\u00e9curit\u00e9 lors de sa fabrication.\t\t\t\t\t\t<\/div>\n\t\t\t\t<\/div>\n\t\t\t\t\t<\/div>\n\t\t<\/div>\n\t\t\t\t\t\t\t<\/div>\n\t\t<\/section>\n\t\t\t\t<section class=\"elementor-section elementor-top-section elementor-element elementor-element-88adf20 elementor-section-height-min-height elementor-section-boxed elementor-section-height-default elementor-section-items-middle\" data-id=\"88adf20\" data-element_type=\"section\" data-settings=\"{&quot;jet_parallax_layout_list&quot;:[],&quot;background_background&quot;:&quot;classic&quot;}\">\n\t\t\t\t\t\t<div class=\"elementor-container elementor-column-gap-default\">\n\t\t\t\t\t<div class=\"elementor-column elementor-col-100 elementor-top-column elementor-element elementor-element-04e7a31\" data-id=\"04e7a31\" data-element_type=\"column\">\n\t\t\t<div class=\"elementor-widget-wrap elementor-element-populated\">\n\t\t\t\t\t\t\t\t<div class=\"elementor-element elementor-element-387eed6 elementor-widget elementor-widget-heading\" data-id=\"387eed6\" data-element_type=\"widget\" data-widget_type=\"heading.default\">\n\t\t\t\t<div class=\"elementor-widget-container\">\n\t\t\t<p class=\"elementor-heading-title elementor-size-default\">Parmi les services offerts \u00e0 nos clients figure \u00e9galement le lancement de votre parfum, parfum d\u2019ambiance ou produit cosm\u00e9tique sur n'importe quel march\u00e9 dans le monde. Nous travaillons actuellement dans plus de 130 pays sur 5 continents.<\/p>\t\t<\/div>\n\t\t\t\t<\/div>\n\t\t\t\t<section class=\"elementor-section elementor-inner-section elementor-element elementor-element-3a2ed80 elementor-section-boxed elementor-section-height-default elementor-section-height-default\" data-id=\"3a2ed80\" data-element_type=\"section\" data-settings=\"{&quot;jet_parallax_layout_list&quot;:[]}\">\n\t\t\t\t\t\t<div class=\"elementor-container elementor-column-gap-default\">\n\t\t\t\t\t<div class=\"elementor-column elementor-col-100 elementor-inner-column elementor-element elementor-element-e2504dc\" data-id=\"e2504dc\" data-element_type=\"column\">\n\t\t\t<div class=\"elementor-widget-wrap elementor-element-populated\">\n\t\t\t\t\t\t\t\t<div class=\"elementor-element elementor-element-6a0a336 elementor-widget elementor-widget-jet-hotspots\" data-id=\"6a0a336\" data-element_type=\"widget\" data-widget_type=\"jet-hotspots.default\">\n\t\t\t\t<div class=\"elementor-widget-container\">\n\t\t\t\t\t<div class=\"jet-hotspots jet-hotspots__hotspots-pulse-animation\" data-settings=\"{&quot;tooltipPlacement&quot;:&quot;top&quot;,&quot;tooltipArrow&quot;:true,&quot;tooltipTrigger&quot;:&quot;mouseenter&quot;,&quot;tooltipShowOnInit&quot;:false,&quot;tooltipShowDuration&quot;:{&quot;unit&quot;:&quot;ms&quot;,&quot;size&quot;:500,&quot;sizes&quot;:[]},&quot;tooltipHideDuration&quot;:{&quot;unit&quot;:&quot;ms&quot;,&quot;size&quot;:300,&quot;sizes&quot;:[]},&quot;tooltipDelay&quot;:{&quot;unit&quot;:&quot;ms&quot;,&quot;size&quot;:0,&quot;sizes&quot;:[]},&quot;tooltipDistance&quot;:{&quot;unit&quot;:&quot;px&quot;,&quot;size&quot;:15,&quot;sizes&quot;:[]},&quot;tooltipAnimation&quot;:&quot;fade&quot;}\">\n\t\t\t<div class=\"jet-hotspots__inner\"><img loading=\"lazy\" decoding=\"async\" width=\"1114\" height=\"656\" src=\"https:\/\/www.mixerpack.es\/wp-content\/uploads\/2022\/06\/mapa.png\" class=\"attachment-full size-full\" alt=\"\" srcset=\"https:\/\/www.mixerpack.es\/wp-content\/uploads\/2022\/06\/mapa.png 1114w, https:\/\/www.mixerpack.es\/wp-content\/uploads\/2022\/06\/mapa-300x177.png 300w, https:\/\/www.mixerpack.es\/wp-content\/uploads\/2022\/06\/mapa-1024x603.png 1024w, https:\/\/www.mixerpack.es\/wp-content\/uploads\/2022\/06\/mapa-768x452.png 768w\" sizes=\"auto, (max-width: 1114px) 100vw, 1114px\" \/>\t\t\t\t<div class=\"jet-hotspots__container\"><div id=\"jet-hotspot-1111\" class=\"jet-hotspots__item\" data-tippy-content=\"\" data-horizontal-position=\"52\" data-vertical-position=\"39\"><div class=\"jet-hotspots__item-inner\"><span class=\"jet-hotspots__item-icon jet-tricks-icon\"><i aria-hidden=\"true\" class=\"fas fa-circle\"><\/i><\/span><span class=\"jet-hotspots__item-text\">Europa<\/span><\/div><\/div><div id=\"jet-hotspot-1112\" class=\"jet-hotspots__item\" data-tippy-content=\"\" data-horizontal-position=\"56\" data-vertical-position=\"62\"><div class=\"jet-hotspots__item-inner\"><span class=\"jet-hotspots__item-icon jet-tricks-icon\"><i aria-hidden=\"true\" class=\"fas fa-circle\"><\/i><\/span><span class=\"jet-hotspots__item-text\">\u00c1frica<\/span><\/div><\/div><div id=\"jet-hotspot-1113\" class=\"jet-hotspots__item\" data-tippy-content=\"\" data-horizontal-position=\"71\" data-vertical-position=\"31\"><div class=\"jet-hotspots__item-inner\"><span class=\"jet-hotspots__item-icon jet-tricks-icon\"><i aria-hidden=\"true\" class=\"fas fa-circle\"><\/i><\/span><span class=\"jet-hotspots__item-text\">Asia<\/span><\/div><\/div><div id=\"jet-hotspot-1114\" class=\"jet-hotspots__item\" data-tippy-content=\"\" data-horizontal-position=\"20\" data-vertical-position=\"45\"><div class=\"jet-hotspots__item-inner\"><span class=\"jet-hotspots__item-icon jet-tricks-icon\"><i aria-hidden=\"true\" class=\"fas fa-circle\"><\/i><\/span><span class=\"jet-hotspots__item-text\">Am\u00e9rica<\/span><\/div><\/div><div id=\"jet-hotspot-1115\" class=\"jet-hotspots__item\" data-tippy-content=\"\" data-horizontal-position=\"88\" data-vertical-position=\"81\"><div class=\"jet-hotspots__item-inner\"><span class=\"jet-hotspots__item-icon jet-tricks-icon\"><i aria-hidden=\"true\" class=\"fas fa-circle\"><\/i><\/span><span class=\"jet-hotspots__item-text\">Oceania<\/span><\/div><\/div>\t\t\t\t<\/div>\n\t\t\t<\/div>\n\t\t<\/div>\n\t\t\t\t<\/div>\n\t\t\t\t<\/div>\n\t\t\t\t\t<\/div>\n\t\t<\/div>\n\t\t\t\t\t\t\t<\/div>\n\t\t<\/section>\n\t\t\t\t\t<\/div>\n\t\t<\/div>\n\t\t\t\t\t\t\t<\/div>\n\t\t<\/section>\n\t\t\t\t\t\t\t<\/div>\n\t\t","protected":false},"excerpt":{"rendered":"<p>Assistance technique Assistance qualit\u00e9 et s\u00e9curit\u00e9 Savoir plus Regulatory Affairs Savoir plus Assistance qualit\u00e9 et s\u00e9curit\u00e9 Savoir plus Regulatory Affairs Savoir plus Questions r\u00e9glementaires au niveau mondial Nous nous occupons de l&rsquo;internationalisation et du lancement de parfums, de parfums d\u2019ambiance et de produits cosm\u00e9tiques sur tous les march\u00e9s mondiaux. Mixer &amp; Pack travaille actuellement avec [&hellip;]<\/p>\n","protected":false},"author":1,"featured_media":0,"parent":5573,"menu_order":0,"comment_status":"closed","ping_status":"closed","template":"","meta":{"footnotes":""},"class_list":["post-5608","page","type-page","status-publish","hentry"],"_links":{"self":[{"href":"https:\/\/www.mixerpack.es\/fr\/wp-json\/wp\/v2\/pages\/5608","targetHints":{"allow":["GET"]}}],"collection":[{"href":"https:\/\/www.mixerpack.es\/fr\/wp-json\/wp\/v2\/pages"}],"about":[{"href":"https:\/\/www.mixerpack.es\/fr\/wp-json\/wp\/v2\/types\/page"}],"author":[{"embeddable":true,"href":"https:\/\/www.mixerpack.es\/fr\/wp-json\/wp\/v2\/users\/1"}],"replies":[{"embeddable":true,"href":"https:\/\/www.mixerpack.es\/fr\/wp-json\/wp\/v2\/comments?post=5608"}],"version-history":[{"count":1,"href":"https:\/\/www.mixerpack.es\/fr\/wp-json\/wp\/v2\/pages\/5608\/revisions"}],"predecessor-version":[{"id":5609,"href":"https:\/\/www.mixerpack.es\/fr\/wp-json\/wp\/v2\/pages\/5608\/revisions\/5609"}],"up":[{"embeddable":true,"href":"https:\/\/www.mixerpack.es\/fr\/wp-json\/wp\/v2\/pages\/5573"}],"wp:attachment":[{"href":"https:\/\/www.mixerpack.es\/fr\/wp-json\/wp\/v2\/media?parent=5608"}],"curies":[{"name":"wp","href":"https:\/\/api.w.org\/{rel}","templated":true}]}}